{"id":85,"date":"2020-10-26T10:38:51","date_gmt":"2020-10-26T10:38:51","guid":{"rendered":"https:\/\/biovita.ch\/?page_id=85"},"modified":"2020-12-14T08:13:55","modified_gmt":"2020-12-14T08:13:55","slug":"impressum","status":"publish","type":"page","link":"https:\/\/biovita.ch\/de\/impressum\/","title":{"rendered":"Impressum"},"content":{"rendered":"<h3><span lang=\"de-CH\">Gesamtverantwortung<\/span><\/h3>\n<p>&nbsp;<\/p>\n<p><span lang=\"de-CH\">Fruver AG<br \/>\n<\/span><span lang=\"de-CH\">Parkstrasse 22<br \/>\n<\/span><span lang=\"de-CH\">CH-5012 Sch\u00f6nenwerd<br \/>\n<\/span><span lang=\"de-CH\">T +41 62 849 57 57<br \/>\n<\/span><span lang=\"de-CH\">F +41 62 849 33 89<\/span><\/p>\n<p><span lang=\"de-CH\">Gesch\u00e4ftsf\u00fchrer:<br \/>\n<\/span><span lang=\"de-CH\">Roger Wehrli<\/span><\/p>\n<p>&nbsp;<\/p>\n<h3><span lang=\"de-CH\">Konzept &amp; Design \/ Technische Umsetzung<\/span><\/h3>\n<p>&nbsp;<\/p>\n<p><span lang=\"de-CH\">Absolut Agentur<br \/>\n<\/span><span lang=\"de-CH\">Branding. Werbung. Webdesign.<br \/>\n<\/span><span lang=\"de-CH\">Zwinglistrasse 3<br \/>\n<\/span><span lang=\"de-CH\">9000 St. Gallen<br \/>\n<\/span><a href=\"http:\/\/absolutagentur.ch\"><span lang=\"de-CH\">absolutagentur.ch<\/span><\/a><\/p>\n<p>&nbsp;<\/p>\n<h3><span lang=\"de-CH\">Haftungshinweis<\/span><\/h3>\n<p><span lang=\"de-CH\"><br \/>\n<\/span><span lang=\"de-CH\">Trotz sorgf\u00e4ltiger inhaltlicher Kontrolle \u00fcbernehmen wir keine Haftung f\u00fcr die Inhalte externer Links. F\u00fcr den Inhalt der verlinkten Seiten sind ausschlie\u00dflich deren Betreiber verantwortlich.<\/span><\/p>\n","protected":false},"excerpt":{"rendered":"<p>Gesamtverantwortung &nbsp; Fruver AG Parkstrasse 22 CH-5012 Sch\u00f6nenwerd T +41 62 849 57 57 F +41 62 849 33 89 Gesch\u00e4ftsf\u00fchrer: Roger Wehrli &nbsp; Konzept &amp; Design \/ Technische Umsetzung &nbsp; Absolut Agentur Branding. Werbung. Webdesign. Zwinglistrasse 3 9000 St. Gallen absolutagentur.ch &nbsp; Haftungshinweis Trotz sorgf\u00e4ltiger inhaltlicher Kontrolle \u00fcbernehmen wir keine Haftung f\u00fcr die Inhalte <a href=\"https:\/\/biovita.ch\/de\/impressum\/\" class=\"more-link\">&#8230;<\/a><\/p>\n","protected":false},"author":1,"featured_media":46,"parent":0,"menu_order":0,"comment_status":"closed","ping_status":"closed","template":"","meta":[],"_links":{"self":[{"href":"https:\/\/biovita.ch\/de\/wp-json\/wp\/v2\/pages\/85"}],"collection":[{"href":"https:\/\/biovita.ch\/de\/wp-json\/wp\/v2\/pages"}],"about":[{"href":"https:\/\/biovita.ch\/de\/wp-json\/wp\/v2\/types\/page"}],"author":[{"embeddable":true,"href":"https:\/\/biovita.ch\/de\/wp-json\/wp\/v2\/users\/1"}],"replies":[{"embeddable":true,"href":"https:\/\/biovita.ch\/de\/wp-json\/wp\/v2\/comments?post=85"}],"version-history":[{"count":8,"href":"https:\/\/biovita.ch\/de\/wp-json\/wp\/v2\/pages\/85\/revisions"}],"predecessor-version":[{"id":355,"href":"https:\/\/biovita.ch\/de\/wp-json\/wp\/v2\/pages\/85\/revisions\/355"}],"wp:featuredmedia":[{"embeddable":true,"href":"https:\/\/biovita.ch\/de\/wp-json\/wp\/v2\/media\/46"}],"wp:attachment":[{"href":"https:\/\/biovita.ch\/de\/wp-json\/wp\/v2\/media?parent=85"}],"curies":[{"name":"wp","href":"https:\/\/api.w.org\/{rel}","templated":true}]}}